{"id":18012,"date":"2020-02-25T20:54:40","date_gmt":"2020-02-25T20:54:40","guid":{"rendered":"https:\/\/bcntradis.net\/inici\/"},"modified":"2023-06-15T09:43:22","modified_gmt":"2023-06-15T09:43:22","slug":"inici","status":"publish","type":"page","link":"https:\/\/bcntradis.net\/ca\/","title":{"rendered":"Inici"},"content":{"rendered":"\t\t<div data-elementor-type=\"wp-page\" data-elementor-id=\"18012\" class=\"elementor elementor-18012\">\n\t\t\t\t\t\t<section class=\"elementor-section elementor-top-section elementor-element elementor-element-999d0f3 elementor-section-height-full elementor-section-content-space-between elementor-section-stretched elementor-section-items-bottom elementor-section-boxed elementor-section-height-default\" data-id=\"999d0f3\" data-element_type=\"section\" data-e-type=\"section\" data-settings=\"{&quot;stretch_section&quot;:&quot;section-stretched&quot;,&quot;background_background&quot;:&quot;slideshow&quot;,&quot;background_slideshow_gallery&quot;:[{&quot;id&quot;:17269,&quot;url&quot;:&quot;https:\\\/\\\/bcntradis.net\\\/wp-content\\\/uploads\\\/2020\\\/03\\\/206.jpg&quot;},{&quot;id&quot;:17292,&quot;url&quot;:&quot;https:\\\/\\\/bcntradis.net\\\/wp-content\\\/uploads\\\/2020\\\/03\\\/205-1.jpg&quot;},{&quot;id&quot;:17291,&quot;url&quot;:&quot;https:\\\/\\\/bcntradis.net\\\/wp-content\\\/uploads\\\/2020\\\/03\\\/206-1.jpg&quot;},{&quot;id&quot;:17271,&quot;url&quot;:&quot;https:\\\/\\\/bcntradis.net\\\/wp-content\\\/uploads\\\/2020\\\/03\\\/204.jpg&quot;},{&quot;id&quot;:16169,&quot;url&quot;:&quot;https:\\\/\\\/bcntradis.net\\\/wp-content\\\/uploads\\\/2016\\\/02\\\/039.jpg&quot;},{&quot;id&quot;:16168,&quot;url&quot;:&quot;https:\\\/\\\/bcntradis.net\\\/wp-content\\\/uploads\\\/2016\\\/02\\\/038.jpg&quot;},{&quot;id&quot;:16164,&quot;url&quot;:&quot;https:\\\/\\\/bcntradis.net\\\/wp-content\\\/uploads\\\/2016\\\/02\\\/033.jpg&quot;}],&quot;background_slideshow_loop&quot;:&quot;yes&quot;,&quot;background_slideshow_slide_duration&quot;:5000,&quot;background_slideshow_slide_transition&quot;:&quot;fade&quot;,&quot;background_slideshow_transition_duration&quot;:500}\">\n\t\t\t\t\t\t<div class=\"elementor-container elementor-column-gap-no\">\n\t\t\t\t\t<div class=\"elementor-column elementor-col-50 elementor-top-column elementor-element elementor-element-1cf2c60 elementor-invisible\" data-id=\"1cf2c60\" data-element_type=\"column\" data-e-type=\"column\" data-settings=\"{&quot;animation&quot;:&quot;fadeInDown&quot;,&quot;animation_delay&quot;:100}\">\n\t\t\t<div class=\"elementor-widget-wrap elementor-element-populated\">\n\t\t\t\t\t\t<section class=\"elementor-section elementor-inner-section elementor-element elementor-element-52e03cb elementor-section-boxed elementor-section-height-default elementor-section-height-default\" data-id=\"52e03cb\" data-element_type=\"section\" data-e-type=\"section\">\n\t\t\t\t\t\t<div class=\"elementor-container elementor-column-gap-default\">\n\t\t\t\t\t<div class=\"elementor-column elementor-col-100 elementor-inner-column elementor-element elementor-element-d89890c\" data-id=\"d89890c\" data-element_type=\"column\" data-e-type=\"column\">\n\t\t\t<div class=\"elementor-widget-wrap\">\n\t\t\t\t\t\t\t<\/div>\n\t\t<\/div>\n\t\t\t\t\t<\/div>\n\t\t<\/section>\n\t\t\t\t\t<\/div>\n\t\t<\/div>\n\t\t\t\t<div class=\"elementor-column elementor-col-50 elementor-top-column elementor-element elementor-element-1b2ebc3 elementor-invisible\" data-id=\"1b2ebc3\" data-element_type=\"column\" data-e-type=\"column\" data-settings=\"{&quot;animation&quot;:&quot;fadeInDown&quot;,&quot;animation_delay&quot;:100,&quot;background_background&quot;:&quot;classic&quot;}\">\n\t\t\t<div class=\"elementor-widget-wrap elementor-element-populated\">\n\t\t\t\t\t\t<div class=\"elementor-element elementor-element-2b8066c elementor-widget elementor-widget-heading\" data-id=\"2b8066c\" data-element_type=\"widget\" data-e-type=\"widget\" data-widget_type=\"heading.default\">\n\t\t\t\t<div class=\"elementor-widget-container\">\n\t\t\t\t\t<h2 class=\"elementor-heading-title elementor-size-default\">Troba el teu habitatge amb nosaltres\n<\/h2>\t\t\t\t<\/div>\n\t\t\t\t<\/div>\n\t\t\t\t<section class=\"elementor-section elementor-inner-section elementor-element elementor-element-d2c05d6 elementor-section-content-bottom elementor-section-boxed elementor-section-height-default elementor-section-height-default\" data-id=\"d2c05d6\" data-element_type=\"section\" data-e-type=\"section\">\n\t\t\t\t\t\t<div class=\"elementor-container elementor-column-gap-default\">\n\t\t\t\t\t<div class=\"elementor-column elementor-col-50 elementor-inner-column elementor-element elementor-element-117b977\" data-id=\"117b977\" data-element_type=\"column\" data-e-type=\"column\">\n\t\t\t<div class=\"elementor-widget-wrap elementor-element-populated\">\n\t\t\t\t\t\t<div class=\"elementor-element elementor-element-380e65f elementor-widget elementor-widget-text-editor\" data-id=\"380e65f\" data-element_type=\"widget\" data-e-type=\"widget\" data-widget_type=\"text-editor.default\">\n\t\t\t\t<div class=\"elementor-widget-container\">\n\t\t\t\t\t\t\t\t\t<p>Barcelona &#8211; Tarragona &#8211; Girona<\/p>\t\t\t\t\t\t\t\t<\/div>\n\t\t\t\t<\/div>\n\t\t\t\t\t<\/div>\n\t\t<\/div>\n\t\t\t\t<div class=\"elementor-column elementor-col-50 elementor-inner-column elementor-element elementor-element-7d00add\" data-id=\"7d00add\" data-element_type=\"column\" data-e-type=\"column\">\n\t\t\t<div class=\"elementor-widget-wrap elementor-element-populated\">\n\t\t\t\t\t\t<div class=\"elementor-element elementor-element-ddd26f1 elementor-align-justify elementor-widget__width-initial elementor-widget elementor-widget-button\" data-id=\"ddd26f1\" data-element_type=\"widget\" data-e-type=\"widget\" data-widget_type=\"button.default\">\n\t\t\t\t<div class=\"elementor-widget-container\">\n\t\t\t\t\t\t\t\t\t<div class=\"elementor-button-wrapper\">\n\t\t\t\t\t<a class=\"elementor-button elementor-button-link elementor-size-xl\" href=\"\/ca\/els-nostres-serveis\/\">\n\t\t\t\t\t\t<span class=\"elementor-button-content-wrapper\">\n\t\t\t\t\t\t\t\t\t<span class=\"elementor-button-text\">M\u00e9s informaci\u00f3<\/span>\n\t\t\t\t\t<\/span>\n\t\t\t\t\t<\/a>\n\t\t\t\t<\/div>\n\t\t\t\t\t\t\t\t<\/div>\n\t\t\t\t<\/div>\n\t\t\t\t\t<\/div>\n\t\t<\/div>\n\t\t\t\t\t<\/div>\n\t\t<\/section>\n\t\t\t\t\t<\/div>\n\t\t<\/div>\n\t\t\t\t\t<\/div>\n\t\t<\/section>\n\t\t\t\t<section class=\"elementor-section elementor-top-section elementor-element elementor-element-6b127a43 elementor-section-boxed elementor-section-height-default elementor-section-height-default\" data-id=\"6b127a43\" data-element_type=\"section\" data-e-type=\"section\">\n\t\t\t\t\t\t<div class=\"elementor-container elementor-column-gap-default\">\n\t\t\t\t\t<div class=\"elementor-column elementor-col-100 elementor-top-column elementor-element elementor-element-4d39b4e5\" data-id=\"4d39b4e5\" data-element_type=\"column\" data-e-type=\"column\">\n\t\t\t<div class=\"elementor-widget-wrap elementor-element-populated\">\n\t\t\t\t\t\t<div class=\"elementor-element elementor-element-550f2a71 elementor-widget elementor-widget-spacer\" data-id=\"550f2a71\" data-element_type=\"widget\" data-e-type=\"widget\" data-widget_type=\"spacer.default\">\n\t\t\t\t<div class=\"elementor-widget-container\">\n\t\t\t\t\t\t\t<div class=\"elementor-spacer\">\n\t\t\t<div class=\"elementor-spacer-inner\"><\/div>\n\t\t<\/div>\n\t\t\t\t\t\t<\/div>\n\t\t\t\t<\/div>\n\t\t\t\t<section class=\"elementor-section elementor-inner-section elementor-element elementor-element-3882ee74 elementor-section-boxed elementor-section-height-default elementor-section-height-default\" data-id=\"3882ee74\" data-element_type=\"section\" data-e-type=\"section\">\n\t\t\t\t\t\t<div class=\"elementor-container elementor-column-gap-wide\">\n\t\t\t\t\t<div class=\"elementor-column elementor-col-100 elementor-inner-column elementor-element elementor-element-bbed801\" data-id=\"bbed801\" data-element_type=\"column\" data-e-type=\"column\">\n\t\t\t<div class=\"elementor-widget-wrap elementor-element-populated\">\n\t\t\t\t\t\t<div class=\"elementor-element elementor-element-4ada2a05 animated-slow elementor-invisible elementor-widget elementor-widget-houzez_elementor_section_title\" data-id=\"4ada2a05\" data-element_type=\"widget\" data-e-type=\"widget\" data-settings=\"{&quot;_animation&quot;:&quot;fadeIn&quot;}\" data-widget_type=\"houzez_elementor_section_title.default\">\n\t\t\t\t<div class=\"elementor-widget-container\">\n\t\t\t\t\t            <div class=\"houzez_section_title_wrap section-title-module\">\n                                    <h2 class=\"houzez_section_title\">Els nostres serveis\n<\/h2>\n                \n                                    <p class=\"houzez_section_subtitle\">Solucions integrals per a totes les teves necessitats immobili\u00e0ries\n<\/p>\n                            <\/div>\n            \t\t\t\t<\/div>\n\t\t\t\t<\/div>\n\t\t\t\t\t<\/div>\n\t\t<\/div>\n\t\t\t\t\t<\/div>\n\t\t<\/section>\n\t\t\t\t<section class=\"elementor-section elementor-inner-section elementor-element elementor-element-14bcfe0e elementor-section-boxed elementor-section-height-default elementor-section-height-default\" data-id=\"14bcfe0e\" data-element_type=\"section\" data-e-type=\"section\">\n\t\t\t\t\t\t<div class=\"elementor-container elementor-column-gap-wide\">\n\t\t\t\t\t<div class=\"elementor-column elementor-col-33 elementor-inner-column elementor-element elementor-element-684c88f6\" data-id=\"684c88f6\" data-element_type=\"column\" data-e-type=\"column\">\n\t\t\t<div class=\"elementor-widget-wrap elementor-element-populated\">\n\t\t\t\t\t\t<div class=\"elementor-element elementor-element-3b75018d animated-slow elementor-position-top elementor-invisible elementor-widget elementor-widget-image-box\" data-id=\"3b75018d\" data-element_type=\"widget\" data-e-type=\"widget\" data-settings=\"{&quot;_animation&quot;:&quot;fadeIn&quot;}\" data-widget_type=\"image-box.default\">\n\t\t\t\t<div class=\"elementor-widget-container\">\n\t\t\t\t\t<div class=\"elementor-image-box-wrapper\"><figure class=\"elementor-image-box-img\"><img decoding=\"async\" width=\"59\" height=\"60\" src=\"https:\/\/bcntradis.net\/wp-content\/uploads\/2020\/02\/bar-chart-stats-up-1.png\" class=\"elementor-animation-shrink attachment-full size-full wp-image-16665\" alt=\"\" \/><\/figure><div class=\"elementor-image-box-content\"><h3 class=\"elementor-image-box-title\">Administraci\u00f3 de <br> comunitats<\/h3><\/div><\/div>\t\t\t\t<\/div>\n\t\t\t\t<\/div>\n\t\t\t\t\t<\/div>\n\t\t<\/div>\n\t\t\t\t<div class=\"elementor-column elementor-col-33 elementor-inner-column elementor-element elementor-element-4283de9\" data-id=\"4283de9\" data-element_type=\"column\" data-e-type=\"column\">\n\t\t\t<div class=\"elementor-widget-wrap elementor-element-populated\">\n\t\t\t\t\t\t<div class=\"elementor-element elementor-element-d50037e animated-slow elementor-position-top elementor-invisible elementor-widget elementor-widget-image-box\" data-id=\"d50037e\" data-element_type=\"widget\" data-e-type=\"widget\" data-settings=\"{&quot;_animation&quot;:&quot;fadeIn&quot;}\" data-widget_type=\"image-box.default\">\n\t\t\t\t<div class=\"elementor-widget-container\">\n\t\t\t\t\t<div class=\"elementor-image-box-wrapper\"><figure class=\"elementor-image-box-img\"><img decoding=\"async\" width=\"60\" height=\"60\" src=\"https:\/\/bcntradis.net\/wp-content\/uploads\/2020\/02\/bar-chart-board-1.png\" class=\"elementor-animation-shrink attachment-houzez-item-image-1 size-houzez-item-image-1 wp-image-16666\" alt=\"\" \/><\/figure><div class=\"elementor-image-box-content\"><h3 class=\"elementor-image-box-title\">Gesti\u00f3 de <br> patrimonis<\/h3><\/div><\/div>\t\t\t\t<\/div>\n\t\t\t\t<\/div>\n\t\t\t\t\t<\/div>\n\t\t<\/div>\n\t\t\t\t<div class=\"elementor-column elementor-col-33 elementor-inner-column elementor-element elementor-element-3bb4a581\" data-id=\"3bb4a581\" data-element_type=\"column\" data-e-type=\"column\">\n\t\t\t<div class=\"elementor-widget-wrap elementor-element-populated\">\n\t\t\t\t\t\t<div class=\"elementor-element elementor-element-790ba218 animated-slow elementor-position-top elementor-invisible elementor-widget elementor-widget-image-box\" data-id=\"790ba218\" data-element_type=\"widget\" data-e-type=\"widget\" data-settings=\"{&quot;_animation&quot;:&quot;fadeIn&quot;}\" data-widget_type=\"image-box.default\">\n\t\t\t\t<div class=\"elementor-widget-container\">\n\t\t\t\t\t<div class=\"elementor-image-box-wrapper\"><figure class=\"elementor-image-box-img\"><img decoding=\"async\" width=\"60\" height=\"60\" src=\"https:\/\/bcntradis.net\/wp-content\/uploads\/2020\/02\/donut-chart-1.png\" class=\"elementor-animation-shrink attachment-houzez-item-image-1 size-houzez-item-image-1 wp-image-16657\" alt=\"\" \/><\/figure><div class=\"elementor-image-box-content\"><h3 class=\"elementor-image-box-title\">Compravenda i<br> lloguers<\/h3><\/div><\/div>\t\t\t\t<\/div>\n\t\t\t\t<\/div>\n\t\t\t\t\t<\/div>\n\t\t<\/div>\n\t\t\t\t\t<\/div>\n\t\t<\/section>\n\t\t\t\t<section class=\"elementor-section elementor-inner-section elementor-element elementor-element-268cf81 elementor-section-boxed elementor-section-height-default elementor-section-height-default\" data-id=\"268cf81\" data-element_type=\"section\" data-e-type=\"section\">\n\t\t\t\t\t\t<div class=\"elementor-container elementor-column-gap-wide\">\n\t\t\t\t\t<div class=\"elementor-column elementor-col-50 elementor-inner-column elementor-element elementor-element-27ff191\" data-id=\"27ff191\" data-element_type=\"column\" data-e-type=\"column\">\n\t\t\t<div class=\"elementor-widget-wrap elementor-element-populated\">\n\t\t\t\t\t\t<div class=\"elementor-element elementor-element-6ab546d animated-slow elementor-position-top elementor-invisible elementor-widget elementor-widget-image-box\" data-id=\"6ab546d\" data-element_type=\"widget\" data-e-type=\"widget\" data-settings=\"{&quot;_animation&quot;:&quot;fadeIn&quot;}\" data-widget_type=\"image-box.default\">\n\t\t\t\t<div class=\"elementor-widget-container\">\n\t\t\t\t\t<div class=\"elementor-image-box-wrapper\"><figure class=\"elementor-image-box-img\"><img loading=\"lazy\" decoding=\"async\" width=\"60\" height=\"57\" src=\"https:\/\/bcntradis.net\/wp-content\/uploads\/2020\/02\/shacking-hands-1.png\" class=\"elementor-animation-shrink attachment-houzez-item-image-1 size-houzez-item-image-1 wp-image-16667\" alt=\"\" \/><\/figure><div class=\"elementor-image-box-content\"><h3 class=\"elementor-image-box-title\">Assessoria jur\u00eddica i financera<\/h3><\/div><\/div>\t\t\t\t<\/div>\n\t\t\t\t<\/div>\n\t\t\t\t\t<\/div>\n\t\t<\/div>\n\t\t\t\t<div class=\"elementor-column elementor-col-50 elementor-inner-column elementor-element elementor-element-ef93794\" data-id=\"ef93794\" data-element_type=\"column\" data-e-type=\"column\">\n\t\t\t<div class=\"elementor-widget-wrap elementor-element-populated\">\n\t\t\t\t\t\t<div class=\"elementor-element elementor-element-79417bf animated-slow elementor-position-top elementor-invisible elementor-widget elementor-widget-image-box\" data-id=\"79417bf\" data-element_type=\"widget\" data-e-type=\"widget\" data-settings=\"{&quot;_animation&quot;:&quot;fadeIn&quot;}\" data-widget_type=\"image-box.default\">\n\t\t\t\t<div class=\"elementor-widget-container\">\n\t\t\t\t\t<div class=\"elementor-image-box-wrapper\"><figure class=\"elementor-image-box-img\"><img loading=\"lazy\" decoding=\"async\" width=\"60\" height=\"60\" src=\"https:\/\/bcntradis.net\/wp-content\/uploads\/2020\/02\/people-1.png\" class=\"elementor-animation-shrink attachment-houzez-item-image-1 size-houzez-item-image-1 wp-image-16664\" alt=\"\" \/><\/figure><div class=\"elementor-image-box-content\"><h3 class=\"elementor-image-box-title\">Assessoria d'assegurances<\/h3><\/div><\/div>\t\t\t\t<\/div>\n\t\t\t\t<\/div>\n\t\t\t\t\t<\/div>\n\t\t<\/div>\n\t\t\t\t\t<\/div>\n\t\t<\/section>\n\t\t\t\t<section class=\"elementor-section elementor-inner-section elementor-element elementor-element-d5bb156 elementor-section-boxed elementor-section-height-default elementor-section-height-default\" data-id=\"d5bb156\" data-element_type=\"section\" data-e-type=\"section\">\n\t\t\t\t\t\t<div class=\"elementor-container elementor-column-gap-wide\">\n\t\t\t\t\t<div class=\"elementor-column elementor-col-100 elementor-inner-column elementor-element elementor-element-701b493\" data-id=\"701b493\" data-element_type=\"column\" data-e-type=\"column\">\n\t\t\t<div class=\"elementor-widget-wrap elementor-element-populated\">\n\t\t\t\t\t\t<div class=\"elementor-element elementor-element-8aca6c0 elementor-align-center elementor-widget elementor-widget-button\" data-id=\"8aca6c0\" data-element_type=\"widget\" data-e-type=\"widget\" data-widget_type=\"button.default\">\n\t\t\t\t<div class=\"elementor-widget-container\">\n\t\t\t\t\t\t\t\t\t<div class=\"elementor-button-wrapper\">\n\t\t\t\t\t<a class=\"elementor-button elementor-button-link elementor-size-sm\" href=\"\/ca\/els-nostres-serveis\/\">\n\t\t\t\t\t\t<span class=\"elementor-button-content-wrapper\">\n\t\t\t\t\t\t\t\t\t<span class=\"elementor-button-text\">Veure tots els nostres serveis<\/span>\n\t\t\t\t\t<\/span>\n\t\t\t\t\t<\/a>\n\t\t\t\t<\/div>\n\t\t\t\t\t\t\t\t<\/div>\n\t\t\t\t<\/div>\n\t\t\t\t\t<\/div>\n\t\t<\/div>\n\t\t\t\t\t<\/div>\n\t\t<\/section>\n\t\t\t\t\t<\/div>\n\t\t<\/div>\n\t\t\t\t\t<\/div>\n\t\t<\/section>\n\t\t\t\t<\/div>\n\t\t","protected":false},"excerpt":{"rendered":"<p>Troba el teu habitatge amb nosaltres Barcelona &#8211; Tarragona &#8211; Girona M\u00e9s informaci\u00f3 Els nostres serveis Solucions integrals per a totes les teves necessitats immobili\u00e0ries Administraci\u00f3 de comunitats Gesti\u00f3 de patrimonis Compravenda i lloguers Assessoria jur\u00eddica i financera Assessoria d&#8217;assegurances Veure tots els nostres serveis<\/p>\n","protected":false},"author":1,"featured_media":0,"parent":0,"menu_order":0,"comment_status":"closed","ping_status":"closed","template":"template\/template-homepage.php","meta":{"footnotes":""},"class_list":["post-18012","page","type-page","status-publish","hentry"],"yoast_head":"<!-- This site is optimized with the Yoast SEO plugin v27.5 - https:\/\/yoast.com\/product\/yoast-seo-wordpress\/ -->\n<title>Inici - BCN Tradis<\/title>\n<meta name=\"robots\" content=\"index, follow, max-snippet:-1, max-image-preview:large, max-video-preview:-1\" \/>\n<link rel=\"canonical\" href=\"https:\/\/bcntradis.net\/ca\/\" \/>\n<meta property=\"og:locale\" content=\"ca_ES\" \/>\n<meta property=\"og:type\" content=\"article\" \/>\n<meta property=\"og:title\" content=\"Inici - BCN Tradis\" \/>\n<meta property=\"og:description\" content=\"Troba el teu habitatge amb nosaltres Barcelona &#8211; Tarragona &#8211; Girona M\u00e9s informaci\u00f3 Els nostres serveis Solucions integrals per a totes les teves necessitats immobili\u00e0ries Administraci\u00f3 de comunitats Gesti\u00f3 de patrimonis Compravenda i lloguers Assessoria jur\u00eddica i financera Assessoria d&#8217;assegurances Veure tots els nostres serveis\" \/>\n<meta property=\"og:url\" content=\"https:\/\/bcntradis.net\/ca\/\" \/>\n<meta property=\"og:site_name\" content=\"BCN Tradis\" \/>\n<meta property=\"article:modified_time\" content=\"2023-06-15T09:43:22+00:00\" \/>\n<meta property=\"og:image\" content=\"https:\/\/bcntradis.net\/wp-content\/uploads\/2020\/02\/bar-chart-stats-up-1.png\" \/>\n<meta name=\"twitter:card\" content=\"summary_large_image\" \/>\n<script type=\"application\/ld+json\" class=\"yoast-schema-graph\">{\"@context\":\"https:\\\/\\\/schema.org\",\"@graph\":[{\"@type\":\"WebPage\",\"@id\":\"https:\\\/\\\/bcntradis.net\\\/ca\\\/\",\"url\":\"https:\\\/\\\/bcntradis.net\\\/ca\\\/\",\"name\":\"Inici - BCN Tradis\",\"isPartOf\":{\"@id\":\"https:\\\/\\\/bcntradis.net\\\/#website\"},\"primaryImageOfPage\":{\"@id\":\"https:\\\/\\\/bcntradis.net\\\/ca\\\/#primaryimage\"},\"image\":{\"@id\":\"https:\\\/\\\/bcntradis.net\\\/ca\\\/#primaryimage\"},\"thumbnailUrl\":\"https:\\\/\\\/bcntradis.net\\\/wp-content\\\/uploads\\\/2020\\\/02\\\/bar-chart-stats-up-1.png\",\"datePublished\":\"2020-02-25T20:54:40+00:00\",\"dateModified\":\"2023-06-15T09:43:22+00:00\",\"breadcrumb\":{\"@id\":\"https:\\\/\\\/bcntradis.net\\\/ca\\\/#breadcrumb\"},\"inLanguage\":\"ca\",\"potentialAction\":[{\"@type\":\"ReadAction\",\"target\":[\"https:\\\/\\\/bcntradis.net\\\/ca\\\/\"]}]},{\"@type\":\"ImageObject\",\"inLanguage\":\"ca\",\"@id\":\"https:\\\/\\\/bcntradis.net\\\/ca\\\/#primaryimage\",\"url\":\"https:\\\/\\\/bcntradis.net\\\/wp-content\\\/uploads\\\/2020\\\/02\\\/bar-chart-stats-up-1.png\",\"contentUrl\":\"https:\\\/\\\/bcntradis.net\\\/wp-content\\\/uploads\\\/2020\\\/02\\\/bar-chart-stats-up-1.png\"},{\"@type\":\"BreadcrumbList\",\"@id\":\"https:\\\/\\\/bcntradis.net\\\/ca\\\/#breadcrumb\",\"itemListElement\":[{\"@type\":\"ListItem\",\"position\":1,\"name\":\"Portada\",\"item\":\"https:\\\/\\\/bcntradis.net\\\/ca\\\/\"},{\"@type\":\"ListItem\",\"position\":2,\"name\":\"Inici\"}]},{\"@type\":\"WebSite\",\"@id\":\"https:\\\/\\\/bcntradis.net\\\/#website\",\"url\":\"https:\\\/\\\/bcntradis.net\\\/\",\"name\":\"BCN Tradis\",\"description\":\"\",\"publisher\":{\"@id\":\"https:\\\/\\\/bcntradis.net\\\/#organization\"},\"potentialAction\":[{\"@type\":\"SearchAction\",\"target\":{\"@type\":\"EntryPoint\",\"urlTemplate\":\"https:\\\/\\\/bcntradis.net\\\/?s={search_term_string}\"},\"query-input\":{\"@type\":\"PropertyValueSpecification\",\"valueRequired\":true,\"valueName\":\"search_term_string\"}}],\"inLanguage\":\"ca\"},{\"@type\":\"Organization\",\"@id\":\"https:\\\/\\\/bcntradis.net\\\/#organization\",\"name\":\"BCN Tradis\",\"url\":\"https:\\\/\\\/bcntradis.net\\\/\",\"logo\":{\"@type\":\"ImageObject\",\"inLanguage\":\"ca\",\"@id\":\"https:\\\/\\\/bcntradis.net\\\/#\\\/schema\\\/logo\\\/image\\\/\",\"url\":\"https:\\\/\\\/bcntradis.net\\\/wp-content\\\/uploads\\\/2023\\\/05\\\/bcn-tradis-logo-removebg-preview-e1685518011160.png\",\"contentUrl\":\"https:\\\/\\\/bcntradis.net\\\/wp-content\\\/uploads\\\/2023\\\/05\\\/bcn-tradis-logo-removebg-preview-e1685518011160.png\",\"width\":372,\"height\":106,\"caption\":\"BCN Tradis\"},\"image\":{\"@id\":\"https:\\\/\\\/bcntradis.net\\\/#\\\/schema\\\/logo\\\/image\\\/\"}}]}<\/script>\n<!-- \/ Yoast SEO plugin. -->","yoast_head_json":{"title":"Inici - BCN Tradis","robots":{"index":"index","follow":"follow","max-snippet":"max-snippet:-1","max-image-preview":"max-image-preview:large","max-video-preview":"max-video-preview:-1"},"canonical":"https:\/\/bcntradis.net\/ca\/","og_locale":"ca_ES","og_type":"article","og_title":"Inici - BCN Tradis","og_description":"Troba el teu habitatge amb nosaltres Barcelona &#8211; Tarragona &#8211; Girona M\u00e9s informaci\u00f3 Els nostres serveis Solucions integrals per a totes les teves necessitats immobili\u00e0ries Administraci\u00f3 de comunitats Gesti\u00f3 de patrimonis Compravenda i lloguers Assessoria jur\u00eddica i financera Assessoria d&#8217;assegurances Veure tots els nostres serveis","og_url":"https:\/\/bcntradis.net\/ca\/","og_site_name":"BCN Tradis","article_modified_time":"2023-06-15T09:43:22+00:00","og_image":[{"url":"https:\/\/bcntradis.net\/wp-content\/uploads\/2020\/02\/bar-chart-stats-up-1.png","type":"","width":"","height":""}],"twitter_card":"summary_large_image","schema":{"@context":"https:\/\/schema.org","@graph":[{"@type":"WebPage","@id":"https:\/\/bcntradis.net\/ca\/","url":"https:\/\/bcntradis.net\/ca\/","name":"Inici - BCN Tradis","isPartOf":{"@id":"https:\/\/bcntradis.net\/#website"},"primaryImageOfPage":{"@id":"https:\/\/bcntradis.net\/ca\/#primaryimage"},"image":{"@id":"https:\/\/bcntradis.net\/ca\/#primaryimage"},"thumbnailUrl":"https:\/\/bcntradis.net\/wp-content\/uploads\/2020\/02\/bar-chart-stats-up-1.png","datePublished":"2020-02-25T20:54:40+00:00","dateModified":"2023-06-15T09:43:22+00:00","breadcrumb":{"@id":"https:\/\/bcntradis.net\/ca\/#breadcrumb"},"inLanguage":"ca","potentialAction":[{"@type":"ReadAction","target":["https:\/\/bcntradis.net\/ca\/"]}]},{"@type":"ImageObject","inLanguage":"ca","@id":"https:\/\/bcntradis.net\/ca\/#primaryimage","url":"https:\/\/bcntradis.net\/wp-content\/uploads\/2020\/02\/bar-chart-stats-up-1.png","contentUrl":"https:\/\/bcntradis.net\/wp-content\/uploads\/2020\/02\/bar-chart-stats-up-1.png"},{"@type":"BreadcrumbList","@id":"https:\/\/bcntradis.net\/ca\/#breadcrumb","itemListElement":[{"@type":"ListItem","position":1,"name":"Portada","item":"https:\/\/bcntradis.net\/ca\/"},{"@type":"ListItem","position":2,"name":"Inici"}]},{"@type":"WebSite","@id":"https:\/\/bcntradis.net\/#website","url":"https:\/\/bcntradis.net\/","name":"BCN Tradis","description":"","publisher":{"@id":"https:\/\/bcntradis.net\/#organization"},"potentialAction":[{"@type":"SearchAction","target":{"@type":"EntryPoint","urlTemplate":"https:\/\/bcntradis.net\/?s={search_term_string}"},"query-input":{"@type":"PropertyValueSpecification","valueRequired":true,"valueName":"search_term_string"}}],"inLanguage":"ca"},{"@type":"Organization","@id":"https:\/\/bcntradis.net\/#organization","name":"BCN Tradis","url":"https:\/\/bcntradis.net\/","logo":{"@type":"ImageObject","inLanguage":"ca","@id":"https:\/\/bcntradis.net\/#\/schema\/logo\/image\/","url":"https:\/\/bcntradis.net\/wp-content\/uploads\/2023\/05\/bcn-tradis-logo-removebg-preview-e1685518011160.png","contentUrl":"https:\/\/bcntradis.net\/wp-content\/uploads\/2023\/05\/bcn-tradis-logo-removebg-preview-e1685518011160.png","width":372,"height":106,"caption":"BCN Tradis"},"image":{"@id":"https:\/\/bcntradis.net\/#\/schema\/logo\/image\/"}}]}},"_links":{"self":[{"href":"https:\/\/bcntradis.net\/ca\/wp-json\/wp\/v2\/pages\/18012","targetHints":{"allow":["GET"]}}],"collection":[{"href":"https:\/\/bcntradis.net\/ca\/wp-json\/wp\/v2\/pages"}],"about":[{"href":"https:\/\/bcntradis.net\/ca\/wp-json\/wp\/v2\/types\/page"}],"author":[{"embeddable":true,"href":"https:\/\/bcntradis.net\/ca\/wp-json\/wp\/v2\/users\/1"}],"replies":[{"embeddable":true,"href":"https:\/\/bcntradis.net\/ca\/wp-json\/wp\/v2\/comments?post=18012"}],"version-history":[{"count":4,"href":"https:\/\/bcntradis.net\/ca\/wp-json\/wp\/v2\/pages\/18012\/revisions"}],"predecessor-version":[{"id":18110,"href":"https:\/\/bcntradis.net\/ca\/wp-json\/wp\/v2\/pages\/18012\/revisions\/18110"}],"wp:attachment":[{"href":"https:\/\/bcntradis.net\/ca\/wp-json\/wp\/v2\/media?parent=18012"}],"curies":[{"name":"wp","href":"https:\/\/api.w.org\/{rel}","templated":true}]}}