{"id":18029,"date":"2023-06-12T11:08:30","date_gmt":"2023-06-12T11:08:30","guid":{"rendered":"https:\/\/bcntradis.net\/els-nostres-serveis\/administracio-darrendaments\/"},"modified":"2023-06-15T09:43:18","modified_gmt":"2023-06-15T09:43:18","slug":"administracio-darrendaments","status":"publish","type":"page","link":"https:\/\/bcntradis.net\/ca\/els-nostres-serveis\/administracio-darrendaments\/","title":{"rendered":"Administraci\u00f3 d&#8217;arrendaments"},"content":{"rendered":"\t\t<div data-elementor-type=\"wp-page\" data-elementor-id=\"18029\" class=\"elementor elementor-18029\">\n\t\t\t\t\t\t<section class=\"elementor-section elementor-top-section elementor-element elementor-element-d415def elementor-section-boxed elementor-section-height-default elementor-section-height-default\" data-id=\"d415def\" data-element_type=\"section\" data-e-type=\"section\" data-settings=\"{&quot;background_background&quot;:&quot;classic&quot;}\">\n\t\t\t\t\t\t\t<div class=\"elementor-background-overlay\"><\/div>\n\t\t\t\t\t\t\t<div class=\"elementor-container elementor-column-gap-default\">\n\t\t\t\t\t<div class=\"elementor-column elementor-col-100 elementor-top-column elementor-element elementor-element-455bda0\" data-id=\"455bda0\" data-element_type=\"column\" data-e-type=\"column\">\n\t\t\t<div class=\"elementor-widget-wrap elementor-element-populated\">\n\t\t\t\t\t\t<div class=\"elementor-element elementor-element-b51f66a elementor-widget elementor-widget-heading\" data-id=\"b51f66a\" data-element_type=\"widget\" data-e-type=\"widget\" data-widget_type=\"heading.default\">\n\t\t\t\t<div class=\"elementor-widget-container\">\n\t\t\t\t\t<h1 class=\"elementor-heading-title elementor-size-default\">Administraci\u00f3 d'arrendaments\n<\/h1>\t\t\t\t<\/div>\n\t\t\t\t<\/div>\n\t\t\t\t<div class=\"elementor-element elementor-element-3052256 elementor-widget elementor-widget-heading\" data-id=\"3052256\" data-element_type=\"widget\" data-e-type=\"widget\" data-widget_type=\"heading.default\">\n\t\t\t\t<div class=\"elementor-widget-container\">\n\t\t\t\t\t<h1 class=\"elementor-heading-title elementor-size-default\">Els nostres serveis\n<\/h1>\t\t\t\t<\/div>\n\t\t\t\t<\/div>\n\t\t\t\t\t<\/div>\n\t\t<\/div>\n\t\t\t\t\t<\/div>\n\t\t<\/section>\n\t\t\t\t<section class=\"elementor-section elementor-top-section elementor-element elementor-element-13d8c1cf elementor-section-content-top animated-slow elementor-section-boxed elementor-section-height-default elementor-section-height-default elementor-invisible\" data-id=\"13d8c1cf\" data-element_type=\"section\" data-e-type=\"section\" data-settings=\"{&quot;animation&quot;:&quot;fadeIn&quot;}\">\n\t\t\t\t\t\t<div class=\"elementor-container elementor-column-gap-default\">\n\t\t\t\t\t<div class=\"elementor-column elementor-col-100 elementor-top-column elementor-element elementor-element-21556559\" data-id=\"21556559\" data-element_type=\"column\" data-e-type=\"column\" data-settings=\"{&quot;background_background&quot;:&quot;classic&quot;}\">\n\t\t\t<div class=\"elementor-widget-wrap elementor-element-populated\">\n\t\t\t\t\t\t<div class=\"elementor-element elementor-element-4938eda3 elementor-widget elementor-widget-text-editor\" data-id=\"4938eda3\" data-element_type=\"widget\" data-e-type=\"widget\" data-widget_type=\"text-editor.default\">\n\t\t\t\t<div class=\"elementor-widget-container\">\n\t\t\t\t\t\t\t\t\t<p>Simplifica la gesti\u00f3 dels teus arrendaments: confia en la nostra administraci\u00f3 experta<\/p>\t\t\t\t\t\t\t\t<\/div>\n\t\t\t\t<\/div>\n\t\t\t\t<div class=\"elementor-element elementor-element-41b4fecd icon-services elementor-widget elementor-widget-houzez_elementor_icon_box\" data-id=\"41b4fecd\" data-element_type=\"widget\" data-e-type=\"widget\" data-widget_type=\"houzez_elementor_icon_box.default\">\n\t\t\t\t<div class=\"elementor-widget-container\">\n\t\t\t\t\t\n        <div class=\"text-with-icons-module module-3cols clearfix\">\n            \n                        <div class=\"text-with-icon-item text-with-icon-item-v1\">\n                            <div class=\"icon-thumb\">\n            \n                                                                            \n                                            <div class=\"houzez-icon\">\n                                                <i aria-hidden=\"true\" class=\"far fa-hand-paper\"><\/i>                                            <\/div>\n\n                                                                    <\/div><!-- icon-thumb -->\n                            <div class=\"text-with-icon-info\">\n                                <div class=\"text-with-icon-title\">\n                                    <strong>Selecci\u00f3 d'arrendatari<\/strong>\n                                <\/div><!-- text-with-icon-title -->\n                                <div class=\"text-with-icon-body\">\n                                                                    <\/div><!-- text-with-icon-body -->\n                            <\/div><!-- text-with-icon-info -->\n\n                            \n                        <\/div><!-- text-with-icon-item  -->\n                    \n                        <div class=\"text-with-icon-item text-with-icon-item-v1\">\n                            <div class=\"icon-thumb\">\n            \n                                                                            \n                                            <div class=\"houzez-icon\">\n                                                <i aria-hidden=\"true\" class=\"fas fa-book\"><\/i>                                            <\/div>\n\n                                                                    <\/div><!-- icon-thumb -->\n                            <div class=\"text-with-icon-info\">\n                                <div class=\"text-with-icon-title\">\n                                    <strong>Redacci\u00f3 i signatura de contracte, fian\u00e7a i inventaris<\/strong>\n                                <\/div><!-- text-with-icon-title -->\n                                <div class=\"text-with-icon-body\">\n                                                                    <\/div><!-- text-with-icon-body -->\n                            <\/div><!-- text-with-icon-info -->\n\n                            \n                        <\/div><!-- text-with-icon-item  -->\n                    \n                        <div class=\"text-with-icon-item text-with-icon-item-v1\">\n                            <div class=\"icon-thumb\">\n            \n                                                                            \n                                            <div class=\"houzez-icon\">\n                                                <i aria-hidden=\"true\" class=\"far fa-money-bill-alt\"><\/i>                                            <\/div>\n\n                                                                    <\/div><!-- icon-thumb -->\n                            <div class=\"text-with-icon-info\">\n                                <div class=\"text-with-icon-title\">\n                                    <strong>Cobrament i actualitzaci\u00f3 de rendes<\/strong>\n                                <\/div><!-- text-with-icon-title -->\n                                <div class=\"text-with-icon-body\">\n                                                                    <\/div><!-- text-with-icon-body -->\n                            <\/div><!-- text-with-icon-info -->\n\n                            \n                        <\/div><!-- text-with-icon-item  -->\n                    \n                        <div class=\"text-with-icon-item text-with-icon-item-v1\">\n                            <div class=\"icon-thumb\">\n            \n                                                                            \n                                            <div class=\"houzez-icon\">\n                                                <i aria-hidden=\"true\" class=\"far fa-plus-square\"><\/i>                                            <\/div>\n\n                                                                    <\/div><!-- icon-thumb -->\n                            <div class=\"text-with-icon-info\">\n                                <div class=\"text-with-icon-title\">\n                                    <strong>Pagaments de despeses i impostos<\/strong>\n                                <\/div><!-- text-with-icon-title -->\n                                <div class=\"text-with-icon-body\">\n                                                                    <\/div><!-- text-with-icon-body -->\n                            <\/div><!-- text-with-icon-info -->\n\n                            \n                        <\/div><!-- text-with-icon-item  -->\n                    \n                        <div class=\"text-with-icon-item text-with-icon-item-v1\">\n                            <div class=\"icon-thumb\">\n            \n                                                                            \n                                            <div class=\"houzez-icon\">\n                                                <i aria-hidden=\"true\" class=\"fas fa-shopping-basket\"><\/i>                                            <\/div>\n\n                                                                    <\/div><!-- icon-thumb -->\n                            <div class=\"text-with-icon-info\">\n                                <div class=\"text-with-icon-title\">\n                                    <strong>Gesti\u00f3 de trasp\u00e0s de locals i negocis<\/strong>\n                                <\/div><!-- text-with-icon-title -->\n                                <div class=\"text-with-icon-body\">\n                                                                    <\/div><!-- text-with-icon-body -->\n                            <\/div><!-- text-with-icon-info -->\n\n                            \n                        <\/div><!-- text-with-icon-item  -->\n                    \n                        <div class=\"text-with-icon-item text-with-icon-item-v1\">\n                            <div class=\"icon-thumb\">\n            \n                                                                            \n                                            <div class=\"houzez-icon\">\n                                                <i aria-hidden=\"true\" class=\"fas fa-shield-alt\"><\/i>                                            <\/div>\n\n                                                                    <\/div><!-- icon-thumb -->\n                            <div class=\"text-with-icon-info\">\n                                <div class=\"text-with-icon-title\">\n                                    <strong>Gesti\u00f3 de morosos i desnonaments<\/strong>\n                                <\/div><!-- text-with-icon-title -->\n                                <div class=\"text-with-icon-body\">\n                                                                    <\/div><!-- text-with-icon-body -->\n                            <\/div><!-- text-with-icon-info -->\n\n                            \n                        <\/div><!-- text-with-icon-item  -->\n                            <\/div>\n    \t\t\t\t<\/div>\n\t\t\t\t<\/div>\n\t\t\t\t\t<\/div>\n\t\t<\/div>\n\t\t\t\t\t<\/div>\n\t\t<\/section>\n\t\t\t\t<\/div>\n\t\t","protected":false},"excerpt":{"rendered":"<p>Administraci\u00f3 d&#8217;arrendaments Els nostres serveis Simplifica la gesti\u00f3 dels teus arrendaments: confia en la nostra administraci\u00f3 experta Selecci\u00f3 d&#8217;arrendatari Redacci\u00f3 i signatura de contracte, fian\u00e7a i inventaris Cobrament i actualitzaci\u00f3 de rendes Pagaments de despeses i impostos Gesti\u00f3 de trasp\u00e0s de locals i negocis Gesti\u00f3 de morosos i desnonaments<\/p>\n","protected":false},"author":1,"featured_media":0,"parent":18025,"menu_order":0,"comment_status":"closed","ping_status":"closed","template":"elementor_header_footer","meta":{"footnotes":""},"class_list":["post-18029","page","type-page","status-publish","hentry"],"yoast_head":"<!-- This site is optimized with the Yoast SEO plugin v27.5 - https:\/\/yoast.com\/product\/yoast-seo-wordpress\/ -->\n<title>Administraci\u00f3 d&#039;arrendaments - BCN Tradis<\/title>\n<meta name=\"robots\" content=\"index, follow, max-snippet:-1, max-image-preview:large, max-video-preview:-1\" \/>\n<link rel=\"canonical\" href=\"https:\/\/bcntradis.net\/ca\/els-nostres-serveis\/administracio-darrendaments\/\" \/>\n<meta property=\"og:locale\" content=\"ca_ES\" \/>\n<meta property=\"og:type\" content=\"article\" \/>\n<meta property=\"og:title\" content=\"Administraci\u00f3 d&#039;arrendaments - BCN Tradis\" \/>\n<meta property=\"og:description\" content=\"Administraci\u00f3 d&#8217;arrendaments Els nostres serveis Simplifica la gesti\u00f3 dels teus arrendaments: confia en la nostra administraci\u00f3 experta Selecci\u00f3 d&#8217;arrendatari Redacci\u00f3 i signatura de contracte, fian\u00e7a i inventaris Cobrament i actualitzaci\u00f3 de rendes Pagaments de despeses i impostos Gesti\u00f3 de trasp\u00e0s de locals i negocis Gesti\u00f3 de morosos i desnonaments\" \/>\n<meta property=\"og:url\" content=\"https:\/\/bcntradis.net\/ca\/els-nostres-serveis\/administracio-darrendaments\/\" \/>\n<meta property=\"og:site_name\" content=\"BCN Tradis\" \/>\n<meta property=\"article:modified_time\" content=\"2023-06-15T09:43:18+00:00\" \/>\n<meta name=\"twitter:card\" content=\"summary_large_image\" \/>\n<script type=\"application\/ld+json\" class=\"yoast-schema-graph\">{\"@context\":\"https:\\\/\\\/schema.org\",\"@graph\":[{\"@type\":\"WebPage\",\"@id\":\"https:\\\/\\\/bcntradis.net\\\/ca\\\/els-nostres-serveis\\\/administracio-darrendaments\\\/\",\"url\":\"https:\\\/\\\/bcntradis.net\\\/ca\\\/els-nostres-serveis\\\/administracio-darrendaments\\\/\",\"name\":\"Administraci\u00f3 d'arrendaments - BCN Tradis\",\"isPartOf\":{\"@id\":\"https:\\\/\\\/bcntradis.net\\\/#website\"},\"datePublished\":\"2023-06-12T11:08:30+00:00\",\"dateModified\":\"2023-06-15T09:43:18+00:00\",\"breadcrumb\":{\"@id\":\"https:\\\/\\\/bcntradis.net\\\/ca\\\/els-nostres-serveis\\\/administracio-darrendaments\\\/#breadcrumb\"},\"inLanguage\":\"ca\",\"potentialAction\":[{\"@type\":\"ReadAction\",\"target\":[\"https:\\\/\\\/bcntradis.net\\\/ca\\\/els-nostres-serveis\\\/administracio-darrendaments\\\/\"]}]},{\"@type\":\"BreadcrumbList\",\"@id\":\"https:\\\/\\\/bcntradis.net\\\/ca\\\/els-nostres-serveis\\\/administracio-darrendaments\\\/#breadcrumb\",\"itemListElement\":[{\"@type\":\"ListItem\",\"position\":1,\"name\":\"Portada\",\"item\":\"https:\\\/\\\/bcntradis.net\\\/ca\\\/\"},{\"@type\":\"ListItem\",\"position\":2,\"name\":\"Els nostres serveis\",\"item\":\"https:\\\/\\\/bcntradis.net\\\/ca\\\/els-nostres-serveis\\\/\"},{\"@type\":\"ListItem\",\"position\":3,\"name\":\"Administraci\u00f3 d&#8217;arrendaments\"}]},{\"@type\":\"WebSite\",\"@id\":\"https:\\\/\\\/bcntradis.net\\\/#website\",\"url\":\"https:\\\/\\\/bcntradis.net\\\/\",\"name\":\"BCN Tradis\",\"description\":\"\",\"publisher\":{\"@id\":\"https:\\\/\\\/bcntradis.net\\\/#organization\"},\"potentialAction\":[{\"@type\":\"SearchAction\",\"target\":{\"@type\":\"EntryPoint\",\"urlTemplate\":\"https:\\\/\\\/bcntradis.net\\\/?s={search_term_string}\"},\"query-input\":{\"@type\":\"PropertyValueSpecification\",\"valueRequired\":true,\"valueName\":\"search_term_string\"}}],\"inLanguage\":\"ca\"},{\"@type\":\"Organization\",\"@id\":\"https:\\\/\\\/bcntradis.net\\\/#organization\",\"name\":\"BCN Tradis\",\"url\":\"https:\\\/\\\/bcntradis.net\\\/\",\"logo\":{\"@type\":\"ImageObject\",\"inLanguage\":\"ca\",\"@id\":\"https:\\\/\\\/bcntradis.net\\\/#\\\/schema\\\/logo\\\/image\\\/\",\"url\":\"https:\\\/\\\/bcntradis.net\\\/wp-content\\\/uploads\\\/2023\\\/05\\\/bcn-tradis-logo-removebg-preview-e1685518011160.png\",\"contentUrl\":\"https:\\\/\\\/bcntradis.net\\\/wp-content\\\/uploads\\\/2023\\\/05\\\/bcn-tradis-logo-removebg-preview-e1685518011160.png\",\"width\":372,\"height\":106,\"caption\":\"BCN Tradis\"},\"image\":{\"@id\":\"https:\\\/\\\/bcntradis.net\\\/#\\\/schema\\\/logo\\\/image\\\/\"}}]}<\/script>\n<!-- \/ Yoast SEO plugin. -->","yoast_head_json":{"title":"Administraci\u00f3 d'arrendaments - BCN Tradis","robots":{"index":"index","follow":"follow","max-snippet":"max-snippet:-1","max-image-preview":"max-image-preview:large","max-video-preview":"max-video-preview:-1"},"canonical":"https:\/\/bcntradis.net\/ca\/els-nostres-serveis\/administracio-darrendaments\/","og_locale":"ca_ES","og_type":"article","og_title":"Administraci\u00f3 d'arrendaments - BCN Tradis","og_description":"Administraci\u00f3 d&#8217;arrendaments Els nostres serveis Simplifica la gesti\u00f3 dels teus arrendaments: confia en la nostra administraci\u00f3 experta Selecci\u00f3 d&#8217;arrendatari Redacci\u00f3 i signatura de contracte, fian\u00e7a i inventaris Cobrament i actualitzaci\u00f3 de rendes Pagaments de despeses i impostos Gesti\u00f3 de trasp\u00e0s de locals i negocis Gesti\u00f3 de morosos i desnonaments","og_url":"https:\/\/bcntradis.net\/ca\/els-nostres-serveis\/administracio-darrendaments\/","og_site_name":"BCN Tradis","article_modified_time":"2023-06-15T09:43:18+00:00","twitter_card":"summary_large_image","schema":{"@context":"https:\/\/schema.org","@graph":[{"@type":"WebPage","@id":"https:\/\/bcntradis.net\/ca\/els-nostres-serveis\/administracio-darrendaments\/","url":"https:\/\/bcntradis.net\/ca\/els-nostres-serveis\/administracio-darrendaments\/","name":"Administraci\u00f3 d'arrendaments - BCN Tradis","isPartOf":{"@id":"https:\/\/bcntradis.net\/#website"},"datePublished":"2023-06-12T11:08:30+00:00","dateModified":"2023-06-15T09:43:18+00:00","breadcrumb":{"@id":"https:\/\/bcntradis.net\/ca\/els-nostres-serveis\/administracio-darrendaments\/#breadcrumb"},"inLanguage":"ca","potentialAction":[{"@type":"ReadAction","target":["https:\/\/bcntradis.net\/ca\/els-nostres-serveis\/administracio-darrendaments\/"]}]},{"@type":"BreadcrumbList","@id":"https:\/\/bcntradis.net\/ca\/els-nostres-serveis\/administracio-darrendaments\/#breadcrumb","itemListElement":[{"@type":"ListItem","position":1,"name":"Portada","item":"https:\/\/bcntradis.net\/ca\/"},{"@type":"ListItem","position":2,"name":"Els nostres serveis","item":"https:\/\/bcntradis.net\/ca\/els-nostres-serveis\/"},{"@type":"ListItem","position":3,"name":"Administraci\u00f3 d&#8217;arrendaments"}]},{"@type":"WebSite","@id":"https:\/\/bcntradis.net\/#website","url":"https:\/\/bcntradis.net\/","name":"BCN Tradis","description":"","publisher":{"@id":"https:\/\/bcntradis.net\/#organization"},"potentialAction":[{"@type":"SearchAction","target":{"@type":"EntryPoint","urlTemplate":"https:\/\/bcntradis.net\/?s={search_term_string}"},"query-input":{"@type":"PropertyValueSpecification","valueRequired":true,"valueName":"search_term_string"}}],"inLanguage":"ca"},{"@type":"Organization","@id":"https:\/\/bcntradis.net\/#organization","name":"BCN Tradis","url":"https:\/\/bcntradis.net\/","logo":{"@type":"ImageObject","inLanguage":"ca","@id":"https:\/\/bcntradis.net\/#\/schema\/logo\/image\/","url":"https:\/\/bcntradis.net\/wp-content\/uploads\/2023\/05\/bcn-tradis-logo-removebg-preview-e1685518011160.png","contentUrl":"https:\/\/bcntradis.net\/wp-content\/uploads\/2023\/05\/bcn-tradis-logo-removebg-preview-e1685518011160.png","width":372,"height":106,"caption":"BCN Tradis"},"image":{"@id":"https:\/\/bcntradis.net\/#\/schema\/logo\/image\/"}}]}},"_links":{"self":[{"href":"https:\/\/bcntradis.net\/ca\/wp-json\/wp\/v2\/pages\/18029","targetHints":{"allow":["GET"]}}],"collection":[{"href":"https:\/\/bcntradis.net\/ca\/wp-json\/wp\/v2\/pages"}],"about":[{"href":"https:\/\/bcntradis.net\/ca\/wp-json\/wp\/v2\/types\/page"}],"author":[{"embeddable":true,"href":"https:\/\/bcntradis.net\/ca\/wp-json\/wp\/v2\/users\/1"}],"replies":[{"embeddable":true,"href":"https:\/\/bcntradis.net\/ca\/wp-json\/wp\/v2\/comments?post=18029"}],"version-history":[{"count":3,"href":"https:\/\/bcntradis.net\/ca\/wp-json\/wp\/v2\/pages\/18029\/revisions"}],"predecessor-version":[{"id":18045,"href":"https:\/\/bcntradis.net\/ca\/wp-json\/wp\/v2\/pages\/18029\/revisions\/18045"}],"up":[{"embeddable":true,"href":"https:\/\/bcntradis.net\/ca\/wp-json\/wp\/v2\/pages\/18025"}],"wp:attachment":[{"href":"https:\/\/bcntradis.net\/ca\/wp-json\/wp\/v2\/media?parent=18029"}],"curies":[{"name":"wp","href":"https:\/\/api.w.org\/{rel}","templated":true}]}}