{"id":18033,"date":"2023-06-12T10:52:58","date_gmt":"2023-06-12T10:52:58","guid":{"rendered":"https:\/\/bcntradis.net\/els-nostres-serveis\/direccio-de-les-obres-de-reparacio-i-millores\/"},"modified":"2023-06-15T09:43:20","modified_gmt":"2023-06-15T09:43:20","slug":"direccio-de-les-obres-de-reparacio-i-millores","status":"publish","type":"page","link":"https:\/\/bcntradis.net\/ca\/els-nostres-serveis\/direccio-de-les-obres-de-reparacio-i-millores\/","title":{"rendered":"Direcci\u00f3 de les obres de reparaci\u00f3 i millores"},"content":{"rendered":"\t\t<div data-elementor-type=\"wp-page\" data-elementor-id=\"18033\" class=\"elementor elementor-18033\">\n\t\t\t\t\t\t<section class=\"elementor-section elementor-top-section elementor-element elementor-element-d415def elementor-section-boxed elementor-section-height-default elementor-section-height-default\" data-id=\"d415def\" data-element_type=\"section\" data-e-type=\"section\" data-settings=\"{&quot;background_background&quot;:&quot;classic&quot;}\">\n\t\t\t\t\t\t\t<div class=\"elementor-background-overlay\"><\/div>\n\t\t\t\t\t\t\t<div class=\"elementor-container elementor-column-gap-default\">\n\t\t\t\t\t<div class=\"elementor-column elementor-col-100 elementor-top-column elementor-element elementor-element-455bda0\" data-id=\"455bda0\" data-element_type=\"column\" data-e-type=\"column\">\n\t\t\t<div class=\"elementor-widget-wrap elementor-element-populated\">\n\t\t\t\t\t\t<div class=\"elementor-element elementor-element-b51f66a elementor-widget elementor-widget-heading\" data-id=\"b51f66a\" data-element_type=\"widget\" data-e-type=\"widget\" data-widget_type=\"heading.default\">\n\t\t\t\t<div class=\"elementor-widget-container\">\n\t\t\t\t\t<h1 class=\"elementor-heading-title elementor-size-default\">Direcci\u00f3 de les obres de reparaci\u00f3 i millores\n<\/h1>\t\t\t\t<\/div>\n\t\t\t\t<\/div>\n\t\t\t\t<div class=\"elementor-element elementor-element-3052256 elementor-widget elementor-widget-heading\" data-id=\"3052256\" data-element_type=\"widget\" data-e-type=\"widget\" data-widget_type=\"heading.default\">\n\t\t\t\t<div class=\"elementor-widget-container\">\n\t\t\t\t\t<h1 class=\"elementor-heading-title elementor-size-default\">Els nostres serveis\n<\/h1>\t\t\t\t<\/div>\n\t\t\t\t<\/div>\n\t\t\t\t\t<\/div>\n\t\t<\/div>\n\t\t\t\t\t<\/div>\n\t\t<\/section>\n\t\t\t\t<section class=\"elementor-section elementor-top-section elementor-element elementor-element-41bc5034 elementor-section-content-top animated-slow elementor-section-boxed elementor-section-height-default elementor-section-height-default elementor-invisible\" data-id=\"41bc5034\" data-element_type=\"section\" data-e-type=\"section\" data-settings=\"{&quot;animation&quot;:&quot;fadeIn&quot;}\">\n\t\t\t\t\t\t<div class=\"elementor-container elementor-column-gap-default\">\n\t\t\t\t\t<div class=\"elementor-column elementor-col-100 elementor-top-column elementor-element elementor-element-7303d4a0\" data-id=\"7303d4a0\" data-element_type=\"column\" data-e-type=\"column\" data-settings=\"{&quot;background_background&quot;:&quot;classic&quot;}\">\n\t\t\t<div class=\"elementor-widget-wrap elementor-element-populated\">\n\t\t\t\t\t\t<div class=\"elementor-element elementor-element-2125b8c1 elementor-widget elementor-widget-text-editor\" data-id=\"2125b8c1\" data-element_type=\"widget\" data-e-type=\"widget\" data-widget_type=\"text-editor.default\">\n\t\t\t\t<div class=\"elementor-widget-container\">\n\t\t\t\t\t\t\t\t\t<p>Transformant espais: liderant obres de reparaci\u00f3 i millores amb excel\u00b7l\u00e8ncia<\/p>\t\t\t\t\t\t\t\t<\/div>\n\t\t\t\t<\/div>\n\t\t\t\t<div class=\"elementor-element elementor-element-34bab8d2 icon-services elementor-widget elementor-widget-houzez_elementor_icon_box\" data-id=\"34bab8d2\" data-element_type=\"widget\" data-e-type=\"widget\" data-widget_type=\"houzez_elementor_icon_box.default\">\n\t\t\t\t<div class=\"elementor-widget-container\">\n\t\t\t\t\t\n        <div class=\"text-with-icons-module module-4cols clearfix\">\n            \n                        <div class=\"text-with-icon-item text-with-icon-item-v1\">\n                            <div class=\"icon-thumb\">\n            \n                                                                            \n                                            <div class=\"houzez-icon\">\n                                                <i aria-hidden=\"true\" class=\"far fa-caret-square-up\"><\/i>                                            <\/div>\n\n                                                                    <\/div><!-- icon-thumb -->\n                            <div class=\"text-with-icon-info\">\n                                <div class=\"text-with-icon-title\">\n                                    <strong>Gesti\u00f3 de prove\u00efdors, pressupostos<\/strong>\n                                <\/div><!-- text-with-icon-title -->\n                                <div class=\"text-with-icon-body\">\n                                                                    <\/div><!-- text-with-icon-body -->\n                            <\/div><!-- text-with-icon-info -->\n\n                            \n                        <\/div><!-- text-with-icon-item  -->\n                    \n                        <div class=\"text-with-icon-item text-with-icon-item-v1\">\n                            <div class=\"icon-thumb\">\n            \n                                                                            \n                                            <div class=\"houzez-icon\">\n                                                <i aria-hidden=\"true\" class=\"far fa-money-bill-alt\"><\/i>                                            <\/div>\n\n                                                                    <\/div><!-- icon-thumb -->\n                            <div class=\"text-with-icon-info\">\n                                <div class=\"text-with-icon-title\">\n                                    <strong>Gesti\u00f3, coordinaci\u00f3 i control econ\u00f2mic- administratiu d'obres<\/strong>\n                                <\/div><!-- text-with-icon-title -->\n                                <div class=\"text-with-icon-body\">\n                                                                    <\/div><!-- text-with-icon-body -->\n                            <\/div><!-- text-with-icon-info -->\n\n                            \n                        <\/div><!-- text-with-icon-item  -->\n                    \n                        <div class=\"text-with-icon-item text-with-icon-item-v1\">\n                            <div class=\"icon-thumb\">\n            \n                                                                            \n                                            <div class=\"houzez-icon\">\n                                                <i aria-hidden=\"true\" class=\"fas fa-chalkboard-teacher\"><\/i>                                            <\/div>\n\n                                                                    <\/div><!-- icon-thumb -->\n                            <div class=\"text-with-icon-info\">\n                                <div class=\"text-with-icon-title\">\n                                    <strong>Aportaci\u00f3 de direcci\u00f3 facultativa (Arquitecte T\u00e8cnic)<\/strong>\n                                <\/div><!-- text-with-icon-title -->\n                                <div class=\"text-with-icon-body\">\n                                                                    <\/div><!-- text-with-icon-body -->\n                            <\/div><!-- text-with-icon-info -->\n\n                            \n                        <\/div><!-- text-with-icon-item  -->\n                    \n                        <div class=\"text-with-icon-item text-with-icon-item-v1\">\n                            <div class=\"icon-thumb\">\n            \n                                                                            \n                                            <div class=\"houzez-icon\">\n                                                <i aria-hidden=\"true\" class=\"fas fa-hands-helping\"><\/i>                                            <\/div>\n\n                                                                    <\/div><!-- icon-thumb -->\n                            <div class=\"text-with-icon-info\">\n                                <div class=\"text-with-icon-title\">\n                                    <strong>Sol\u00b7licitud dels permisos d'obres<\/strong>\n                                <\/div><!-- text-with-icon-title -->\n                                <div class=\"text-with-icon-body\">\n                                                                    <\/div><!-- text-with-icon-body -->\n                            <\/div><!-- text-with-icon-info -->\n\n                            \n                        <\/div><!-- text-with-icon-item  -->\n                            <\/div>\n    \t\t\t\t<\/div>\n\t\t\t\t<\/div>\n\t\t\t\t\t<\/div>\n\t\t<\/div>\n\t\t\t\t\t<\/div>\n\t\t<\/section>\n\t\t\t\t<\/div>\n\t\t","protected":false},"excerpt":{"rendered":"<p>Direcci\u00f3 de les obres de reparaci\u00f3 i millores Els nostres serveis Transformant espais: liderant obres de reparaci\u00f3 i millores amb excel\u00b7l\u00e8ncia Gesti\u00f3 de prove\u00efdors, pressupostos Gesti\u00f3, coordinaci\u00f3 i control econ\u00f2mic- administratiu d&#8217;obres Aportaci\u00f3 de direcci\u00f3 facultativa (Arquitecte T\u00e8cnic) Sol\u00b7licitud dels permisos d&#8217;obres<\/p>\n","protected":false},"author":1,"featured_media":0,"parent":18025,"menu_order":0,"comment_status":"closed","ping_status":"closed","template":"elementor_header_footer","meta":{"footnotes":""},"class_list":["post-18033","page","type-page","status-publish","hentry"],"yoast_head":"<!-- This site is optimized with the Yoast SEO plugin v27.5 - https:\/\/yoast.com\/product\/yoast-seo-wordpress\/ -->\n<title>Direcci\u00f3 de les obres de reparaci\u00f3 i millores - BCN Tradis<\/title>\n<meta name=\"robots\" content=\"index, follow, max-snippet:-1, max-image-preview:large, max-video-preview:-1\" \/>\n<link rel=\"canonical\" href=\"https:\/\/bcntradis.net\/ca\/els-nostres-serveis\/direccio-de-les-obres-de-reparacio-i-millores\/\" \/>\n<meta property=\"og:locale\" content=\"ca_ES\" \/>\n<meta property=\"og:type\" content=\"article\" \/>\n<meta property=\"og:title\" content=\"Direcci\u00f3 de les obres de reparaci\u00f3 i millores - BCN Tradis\" \/>\n<meta property=\"og:description\" content=\"Direcci\u00f3 de les obres de reparaci\u00f3 i millores Els nostres serveis Transformant espais: liderant obres de reparaci\u00f3 i millores amb excel\u00b7l\u00e8ncia Gesti\u00f3 de prove\u00efdors, pressupostos Gesti\u00f3, coordinaci\u00f3 i control econ\u00f2mic- administratiu d&#8217;obres Aportaci\u00f3 de direcci\u00f3 facultativa (Arquitecte T\u00e8cnic) Sol\u00b7licitud dels permisos d&#8217;obres\" \/>\n<meta property=\"og:url\" content=\"https:\/\/bcntradis.net\/ca\/els-nostres-serveis\/direccio-de-les-obres-de-reparacio-i-millores\/\" \/>\n<meta property=\"og:site_name\" content=\"BCN Tradis\" \/>\n<meta property=\"article:modified_time\" content=\"2023-06-15T09:43:20+00:00\" \/>\n<meta name=\"twitter:card\" content=\"summary_large_image\" \/>\n<script type=\"application\/ld+json\" class=\"yoast-schema-graph\">{\"@context\":\"https:\\\/\\\/schema.org\",\"@graph\":[{\"@type\":\"WebPage\",\"@id\":\"https:\\\/\\\/bcntradis.net\\\/ca\\\/els-nostres-serveis\\\/direccio-de-les-obres-de-reparacio-i-millores\\\/\",\"url\":\"https:\\\/\\\/bcntradis.net\\\/ca\\\/els-nostres-serveis\\\/direccio-de-les-obres-de-reparacio-i-millores\\\/\",\"name\":\"Direcci\u00f3 de les obres de reparaci\u00f3 i millores - BCN Tradis\",\"isPartOf\":{\"@id\":\"https:\\\/\\\/bcntradis.net\\\/#website\"},\"datePublished\":\"2023-06-12T10:52:58+00:00\",\"dateModified\":\"2023-06-15T09:43:20+00:00\",\"breadcrumb\":{\"@id\":\"https:\\\/\\\/bcntradis.net\\\/ca\\\/els-nostres-serveis\\\/direccio-de-les-obres-de-reparacio-i-millores\\\/#breadcrumb\"},\"inLanguage\":\"ca\",\"potentialAction\":[{\"@type\":\"ReadAction\",\"target\":[\"https:\\\/\\\/bcntradis.net\\\/ca\\\/els-nostres-serveis\\\/direccio-de-les-obres-de-reparacio-i-millores\\\/\"]}]},{\"@type\":\"BreadcrumbList\",\"@id\":\"https:\\\/\\\/bcntradis.net\\\/ca\\\/els-nostres-serveis\\\/direccio-de-les-obres-de-reparacio-i-millores\\\/#breadcrumb\",\"itemListElement\":[{\"@type\":\"ListItem\",\"position\":1,\"name\":\"Portada\",\"item\":\"https:\\\/\\\/bcntradis.net\\\/ca\\\/\"},{\"@type\":\"ListItem\",\"position\":2,\"name\":\"Els nostres serveis\",\"item\":\"https:\\\/\\\/bcntradis.net\\\/ca\\\/els-nostres-serveis\\\/\"},{\"@type\":\"ListItem\",\"position\":3,\"name\":\"Direcci\u00f3 de les obres de reparaci\u00f3 i millores\"}]},{\"@type\":\"WebSite\",\"@id\":\"https:\\\/\\\/bcntradis.net\\\/#website\",\"url\":\"https:\\\/\\\/bcntradis.net\\\/\",\"name\":\"BCN Tradis\",\"description\":\"\",\"publisher\":{\"@id\":\"https:\\\/\\\/bcntradis.net\\\/#organization\"},\"potentialAction\":[{\"@type\":\"SearchAction\",\"target\":{\"@type\":\"EntryPoint\",\"urlTemplate\":\"https:\\\/\\\/bcntradis.net\\\/?s={search_term_string}\"},\"query-input\":{\"@type\":\"PropertyValueSpecification\",\"valueRequired\":true,\"valueName\":\"search_term_string\"}}],\"inLanguage\":\"ca\"},{\"@type\":\"Organization\",\"@id\":\"https:\\\/\\\/bcntradis.net\\\/#organization\",\"name\":\"BCN Tradis\",\"url\":\"https:\\\/\\\/bcntradis.net\\\/\",\"logo\":{\"@type\":\"ImageObject\",\"inLanguage\":\"ca\",\"@id\":\"https:\\\/\\\/bcntradis.net\\\/#\\\/schema\\\/logo\\\/image\\\/\",\"url\":\"https:\\\/\\\/bcntradis.net\\\/wp-content\\\/uploads\\\/2023\\\/05\\\/bcn-tradis-logo-removebg-preview-e1685518011160.png\",\"contentUrl\":\"https:\\\/\\\/bcntradis.net\\\/wp-content\\\/uploads\\\/2023\\\/05\\\/bcn-tradis-logo-removebg-preview-e1685518011160.png\",\"width\":372,\"height\":106,\"caption\":\"BCN Tradis\"},\"image\":{\"@id\":\"https:\\\/\\\/bcntradis.net\\\/#\\\/schema\\\/logo\\\/image\\\/\"}}]}<\/script>\n<!-- \/ Yoast SEO plugin. -->","yoast_head_json":{"title":"Direcci\u00f3 de les obres de reparaci\u00f3 i millores - BCN Tradis","robots":{"index":"index","follow":"follow","max-snippet":"max-snippet:-1","max-image-preview":"max-image-preview:large","max-video-preview":"max-video-preview:-1"},"canonical":"https:\/\/bcntradis.net\/ca\/els-nostres-serveis\/direccio-de-les-obres-de-reparacio-i-millores\/","og_locale":"ca_ES","og_type":"article","og_title":"Direcci\u00f3 de les obres de reparaci\u00f3 i millores - BCN Tradis","og_description":"Direcci\u00f3 de les obres de reparaci\u00f3 i millores Els nostres serveis Transformant espais: liderant obres de reparaci\u00f3 i millores amb excel\u00b7l\u00e8ncia Gesti\u00f3 de prove\u00efdors, pressupostos Gesti\u00f3, coordinaci\u00f3 i control econ\u00f2mic- administratiu d&#8217;obres Aportaci\u00f3 de direcci\u00f3 facultativa (Arquitecte T\u00e8cnic) Sol\u00b7licitud dels permisos d&#8217;obres","og_url":"https:\/\/bcntradis.net\/ca\/els-nostres-serveis\/direccio-de-les-obres-de-reparacio-i-millores\/","og_site_name":"BCN Tradis","article_modified_time":"2023-06-15T09:43:20+00:00","twitter_card":"summary_large_image","schema":{"@context":"https:\/\/schema.org","@graph":[{"@type":"WebPage","@id":"https:\/\/bcntradis.net\/ca\/els-nostres-serveis\/direccio-de-les-obres-de-reparacio-i-millores\/","url":"https:\/\/bcntradis.net\/ca\/els-nostres-serveis\/direccio-de-les-obres-de-reparacio-i-millores\/","name":"Direcci\u00f3 de les obres de reparaci\u00f3 i millores - BCN Tradis","isPartOf":{"@id":"https:\/\/bcntradis.net\/#website"},"datePublished":"2023-06-12T10:52:58+00:00","dateModified":"2023-06-15T09:43:20+00:00","breadcrumb":{"@id":"https:\/\/bcntradis.net\/ca\/els-nostres-serveis\/direccio-de-les-obres-de-reparacio-i-millores\/#breadcrumb"},"inLanguage":"ca","potentialAction":[{"@type":"ReadAction","target":["https:\/\/bcntradis.net\/ca\/els-nostres-serveis\/direccio-de-les-obres-de-reparacio-i-millores\/"]}]},{"@type":"BreadcrumbList","@id":"https:\/\/bcntradis.net\/ca\/els-nostres-serveis\/direccio-de-les-obres-de-reparacio-i-millores\/#breadcrumb","itemListElement":[{"@type":"ListItem","position":1,"name":"Portada","item":"https:\/\/bcntradis.net\/ca\/"},{"@type":"ListItem","position":2,"name":"Els nostres serveis","item":"https:\/\/bcntradis.net\/ca\/els-nostres-serveis\/"},{"@type":"ListItem","position":3,"name":"Direcci\u00f3 de les obres de reparaci\u00f3 i millores"}]},{"@type":"WebSite","@id":"https:\/\/bcntradis.net\/#website","url":"https:\/\/bcntradis.net\/","name":"BCN Tradis","description":"","publisher":{"@id":"https:\/\/bcntradis.net\/#organization"},"potentialAction":[{"@type":"SearchAction","target":{"@type":"EntryPoint","urlTemplate":"https:\/\/bcntradis.net\/?s={search_term_string}"},"query-input":{"@type":"PropertyValueSpecification","valueRequired":true,"valueName":"search_term_string"}}],"inLanguage":"ca"},{"@type":"Organization","@id":"https:\/\/bcntradis.net\/#organization","name":"BCN Tradis","url":"https:\/\/bcntradis.net\/","logo":{"@type":"ImageObject","inLanguage":"ca","@id":"https:\/\/bcntradis.net\/#\/schema\/logo\/image\/","url":"https:\/\/bcntradis.net\/wp-content\/uploads\/2023\/05\/bcn-tradis-logo-removebg-preview-e1685518011160.png","contentUrl":"https:\/\/bcntradis.net\/wp-content\/uploads\/2023\/05\/bcn-tradis-logo-removebg-preview-e1685518011160.png","width":372,"height":106,"caption":"BCN Tradis"},"image":{"@id":"https:\/\/bcntradis.net\/#\/schema\/logo\/image\/"}}]}},"_links":{"self":[{"href":"https:\/\/bcntradis.net\/ca\/wp-json\/wp\/v2\/pages\/18033","targetHints":{"allow":["GET"]}}],"collection":[{"href":"https:\/\/bcntradis.net\/ca\/wp-json\/wp\/v2\/pages"}],"about":[{"href":"https:\/\/bcntradis.net\/ca\/wp-json\/wp\/v2\/types\/page"}],"author":[{"embeddable":true,"href":"https:\/\/bcntradis.net\/ca\/wp-json\/wp\/v2\/users\/1"}],"replies":[{"embeddable":true,"href":"https:\/\/bcntradis.net\/ca\/wp-json\/wp\/v2\/comments?post=18033"}],"version-history":[{"count":3,"href":"https:\/\/bcntradis.net\/ca\/wp-json\/wp\/v2\/pages\/18033\/revisions"}],"predecessor-version":[{"id":18060,"href":"https:\/\/bcntradis.net\/ca\/wp-json\/wp\/v2\/pages\/18033\/revisions\/18060"}],"up":[{"embeddable":true,"href":"https:\/\/bcntradis.net\/ca\/wp-json\/wp\/v2\/pages\/18025"}],"wp:attachment":[{"href":"https:\/\/bcntradis.net\/ca\/wp-json\/wp\/v2\/media?parent=18033"}],"curies":[{"name":"wp","href":"https:\/\/api.w.org\/{rel}","templated":true}]}}