{"id":18035,"date":"2023-06-12T11:10:09","date_gmt":"2023-06-12T11:10:09","guid":{"rendered":"https:\/\/bcntradis.net\/els-nostres-serveis\/gestions-per-a-locupacio\/"},"modified":"2023-06-15T09:43:21","modified_gmt":"2023-06-15T09:43:21","slug":"gestions-per-a-locupacio","status":"publish","type":"page","link":"https:\/\/bcntradis.net\/ca\/els-nostres-serveis\/gestions-per-a-locupacio\/","title":{"rendered":"Gestions per a l&#8217;ocupaci\u00f3"},"content":{"rendered":"\t\t<div data-elementor-type=\"wp-page\" data-elementor-id=\"18035\" class=\"elementor elementor-18035\">\n\t\t\t\t\t\t<section class=\"elementor-section elementor-top-section elementor-element elementor-element-d415def elementor-section-boxed elementor-section-height-default elementor-section-height-default\" data-id=\"d415def\" data-element_type=\"section\" data-e-type=\"section\" data-settings=\"{&quot;background_background&quot;:&quot;classic&quot;}\">\n\t\t\t\t\t\t\t<div class=\"elementor-background-overlay\"><\/div>\n\t\t\t\t\t\t\t<div class=\"elementor-container elementor-column-gap-default\">\n\t\t\t\t\t<div class=\"elementor-column elementor-col-100 elementor-top-column elementor-element elementor-element-455bda0\" data-id=\"455bda0\" data-element_type=\"column\" data-e-type=\"column\">\n\t\t\t<div class=\"elementor-widget-wrap elementor-element-populated\">\n\t\t\t\t\t\t<div class=\"elementor-element elementor-element-b51f66a elementor-widget elementor-widget-heading\" data-id=\"b51f66a\" data-element_type=\"widget\" data-e-type=\"widget\" data-widget_type=\"heading.default\">\n\t\t\t\t<div class=\"elementor-widget-container\">\n\t\t\t\t\t<h1 class=\"elementor-heading-title elementor-size-default\">Gestions per a l'ocupaci\u00f3\n<\/h1>\t\t\t\t<\/div>\n\t\t\t\t<\/div>\n\t\t\t\t<div class=\"elementor-element elementor-element-3052256 elementor-widget elementor-widget-heading\" data-id=\"3052256\" data-element_type=\"widget\" data-e-type=\"widget\" data-widget_type=\"heading.default\">\n\t\t\t\t<div class=\"elementor-widget-container\">\n\t\t\t\t\t<h1 class=\"elementor-heading-title elementor-size-default\">Els nostres serveis\n<\/h1>\t\t\t\t<\/div>\n\t\t\t\t<\/div>\n\t\t\t\t\t<\/div>\n\t\t<\/div>\n\t\t\t\t\t<\/div>\n\t\t<\/section>\n\t\t\t\t<section class=\"elementor-section elementor-top-section elementor-element elementor-element-436c204e elementor-section-content-top animated-slow elementor-section-boxed elementor-section-height-default elementor-section-height-default elementor-invisible\" data-id=\"436c204e\" data-element_type=\"section\" data-e-type=\"section\" data-settings=\"{&quot;animation&quot;:&quot;fadeIn&quot;}\">\n\t\t\t\t\t\t<div class=\"elementor-container elementor-column-gap-default\">\n\t\t\t\t\t<div class=\"elementor-column elementor-col-100 elementor-top-column elementor-element elementor-element-727dd9ac\" data-id=\"727dd9ac\" data-element_type=\"column\" data-e-type=\"column\" data-settings=\"{&quot;background_background&quot;:&quot;classic&quot;}\">\n\t\t\t<div class=\"elementor-widget-wrap elementor-element-populated\">\n\t\t\t\t\t\t<div class=\"elementor-element elementor-element-fb769b3 elementor-widget elementor-widget-text-editor\" data-id=\"fb769b3\" data-element_type=\"widget\" data-e-type=\"widget\" data-widget_type=\"text-editor.default\">\n\t\t\t\t<div class=\"elementor-widget-container\">\n\t\t\t\t\t\t\t\t\t<p>Facilitem l&#8217;ocupaci\u00f3 sense complicacions: gestionem tots els tr\u00e0mits per a tu<\/p>\t\t\t\t\t\t\t\t<\/div>\n\t\t\t\t<\/div>\n\t\t\t\t<div class=\"elementor-element elementor-element-466c4976 icon-services elementor-widget elementor-widget-houzez_elementor_icon_box\" data-id=\"466c4976\" data-element_type=\"widget\" data-e-type=\"widget\" data-widget_type=\"houzez_elementor_icon_box.default\">\n\t\t\t\t<div class=\"elementor-widget-container\">\n\t\t\t\t\t\n        <div class=\"text-with-icons-module module-3cols clearfix\">\n            \n                        <div class=\"text-with-icon-item text-with-icon-item-v1\">\n                            <div class=\"icon-thumb\">\n            \n                                                                            \n                                            <div class=\"houzez-icon\">\n                                                <i aria-hidden=\"true\" class=\"far fa-id-card\"><\/i>                                            <\/div>\n\n                                                                    <\/div><!-- icon-thumb -->\n                            <div class=\"text-with-icon-info\">\n                                <div class=\"text-with-icon-title\">\n                                    <strong>C\u00e8dules d'habitabilitat i Butlletins i contractaci\u00f3 de subministraments de serveis<\/strong>\n                                <\/div><!-- text-with-icon-title -->\n                                <div class=\"text-with-icon-body\">\n                                                                    <\/div><!-- text-with-icon-body -->\n                            <\/div><!-- text-with-icon-info -->\n\n                            \n                        <\/div><!-- text-with-icon-item  -->\n                    \n                        <div class=\"text-with-icon-item text-with-icon-item-v1\">\n                            <div class=\"icon-thumb\">\n            \n                                                                            \n                                            <div class=\"houzez-icon\">\n                                                <i aria-hidden=\"true\" class=\"fas fa-book\"><\/i>                                            <\/div>\n\n                                                                    <\/div><!-- icon-thumb -->\n                            <div class=\"text-with-icon-info\">\n                                <div class=\"text-with-icon-title\">\n                                    <strong>Confecci\u00f3 de plans, Llic\u00e8ncies d'obertura<\/strong>\n                                <\/div><!-- text-with-icon-title -->\n                                <div class=\"text-with-icon-body\">\n                                                                    <\/div><!-- text-with-icon-body -->\n                            <\/div><!-- text-with-icon-info -->\n\n                            \n                        <\/div><!-- text-with-icon-item  -->\n                    \n                        <div class=\"text-with-icon-item text-with-icon-item-v1\">\n                            <div class=\"icon-thumb\">\n            \n                                                                            \n                                            <div class=\"houzez-icon\">\n                                                <i aria-hidden=\"true\" class=\"far fa-building\"><\/i>                                            <\/div>\n\n                                                                    <\/div><!-- icon-thumb -->\n                            <div class=\"text-with-icon-info\">\n                                <div class=\"text-with-icon-title\">\n                                    <strong>Inspecci\u00f3 T\u00e8cnica d'Edificis i Certificats d'efici\u00e8ncia Energ\u00e8tica<\/strong>\n                                <\/div><!-- text-with-icon-title -->\n                                <div class=\"text-with-icon-body\">\n                                                                    <\/div><!-- text-with-icon-body -->\n                            <\/div><!-- text-with-icon-info -->\n\n                            \n                        <\/div><!-- text-with-icon-item  -->\n                            <\/div>\n    \t\t\t\t<\/div>\n\t\t\t\t<\/div>\n\t\t\t\t\t<\/div>\n\t\t<\/div>\n\t\t\t\t\t<\/div>\n\t\t<\/section>\n\t\t\t\t<\/div>\n\t\t","protected":false},"excerpt":{"rendered":"<p>Gestions per a l&#8217;ocupaci\u00f3 Els nostres serveis Facilitem l&#8217;ocupaci\u00f3 sense complicacions: gestionem tots els tr\u00e0mits per a tu C\u00e8dules d&#8217;habitabilitat i Butlletins i contractaci\u00f3 de subministraments de serveis Confecci\u00f3 de plans, Llic\u00e8ncies d&#8217;obertura Inspecci\u00f3 T\u00e8cnica d&#8217;Edificis i Certificats d&#8217;efici\u00e8ncia Energ\u00e8tica<\/p>\n","protected":false},"author":1,"featured_media":0,"parent":18025,"menu_order":0,"comment_status":"closed","ping_status":"closed","template":"elementor_header_footer","meta":{"footnotes":""},"class_list":["post-18035","page","type-page","status-publish","hentry"],"yoast_head":"<!-- This site is optimized with the Yoast SEO plugin v27.5 - https:\/\/yoast.com\/product\/yoast-seo-wordpress\/ -->\n<title>Gestions per a l&#039;ocupaci\u00f3 - BCN Tradis<\/title>\n<meta name=\"robots\" content=\"index, follow, max-snippet:-1, max-image-preview:large, max-video-preview:-1\" \/>\n<link rel=\"canonical\" href=\"https:\/\/bcntradis.net\/ca\/els-nostres-serveis\/gestions-per-a-locupacio\/\" \/>\n<meta property=\"og:locale\" content=\"ca_ES\" \/>\n<meta property=\"og:type\" content=\"article\" \/>\n<meta property=\"og:title\" content=\"Gestions per a l&#039;ocupaci\u00f3 - BCN Tradis\" \/>\n<meta property=\"og:description\" content=\"Gestions per a l&#8217;ocupaci\u00f3 Els nostres serveis Facilitem l&#8217;ocupaci\u00f3 sense complicacions: gestionem tots els tr\u00e0mits per a tu C\u00e8dules d&#8217;habitabilitat i Butlletins i contractaci\u00f3 de subministraments de serveis Confecci\u00f3 de plans, Llic\u00e8ncies d&#8217;obertura Inspecci\u00f3 T\u00e8cnica d&#8217;Edificis i Certificats d&#8217;efici\u00e8ncia Energ\u00e8tica\" \/>\n<meta property=\"og:url\" content=\"https:\/\/bcntradis.net\/ca\/els-nostres-serveis\/gestions-per-a-locupacio\/\" \/>\n<meta property=\"og:site_name\" content=\"BCN Tradis\" \/>\n<meta property=\"article:modified_time\" content=\"2023-06-15T09:43:21+00:00\" \/>\n<meta name=\"twitter:card\" content=\"summary_large_image\" \/>\n<script type=\"application\/ld+json\" class=\"yoast-schema-graph\">{\"@context\":\"https:\\\/\\\/schema.org\",\"@graph\":[{\"@type\":\"WebPage\",\"@id\":\"https:\\\/\\\/bcntradis.net\\\/ca\\\/els-nostres-serveis\\\/gestions-per-a-locupacio\\\/\",\"url\":\"https:\\\/\\\/bcntradis.net\\\/ca\\\/els-nostres-serveis\\\/gestions-per-a-locupacio\\\/\",\"name\":\"Gestions per a l'ocupaci\u00f3 - BCN Tradis\",\"isPartOf\":{\"@id\":\"https:\\\/\\\/bcntradis.net\\\/#website\"},\"datePublished\":\"2023-06-12T11:10:09+00:00\",\"dateModified\":\"2023-06-15T09:43:21+00:00\",\"breadcrumb\":{\"@id\":\"https:\\\/\\\/bcntradis.net\\\/ca\\\/els-nostres-serveis\\\/gestions-per-a-locupacio\\\/#breadcrumb\"},\"inLanguage\":\"ca\",\"potentialAction\":[{\"@type\":\"ReadAction\",\"target\":[\"https:\\\/\\\/bcntradis.net\\\/ca\\\/els-nostres-serveis\\\/gestions-per-a-locupacio\\\/\"]}]},{\"@type\":\"BreadcrumbList\",\"@id\":\"https:\\\/\\\/bcntradis.net\\\/ca\\\/els-nostres-serveis\\\/gestions-per-a-locupacio\\\/#breadcrumb\",\"itemListElement\":[{\"@type\":\"ListItem\",\"position\":1,\"name\":\"Portada\",\"item\":\"https:\\\/\\\/bcntradis.net\\\/ca\\\/\"},{\"@type\":\"ListItem\",\"position\":2,\"name\":\"Els nostres serveis\",\"item\":\"https:\\\/\\\/bcntradis.net\\\/ca\\\/els-nostres-serveis\\\/\"},{\"@type\":\"ListItem\",\"position\":3,\"name\":\"Gestions per a l&#8217;ocupaci\u00f3\"}]},{\"@type\":\"WebSite\",\"@id\":\"https:\\\/\\\/bcntradis.net\\\/#website\",\"url\":\"https:\\\/\\\/bcntradis.net\\\/\",\"name\":\"BCN Tradis\",\"description\":\"\",\"publisher\":{\"@id\":\"https:\\\/\\\/bcntradis.net\\\/#organization\"},\"potentialAction\":[{\"@type\":\"SearchAction\",\"target\":{\"@type\":\"EntryPoint\",\"urlTemplate\":\"https:\\\/\\\/bcntradis.net\\\/?s={search_term_string}\"},\"query-input\":{\"@type\":\"PropertyValueSpecification\",\"valueRequired\":true,\"valueName\":\"search_term_string\"}}],\"inLanguage\":\"ca\"},{\"@type\":\"Organization\",\"@id\":\"https:\\\/\\\/bcntradis.net\\\/#organization\",\"name\":\"BCN Tradis\",\"url\":\"https:\\\/\\\/bcntradis.net\\\/\",\"logo\":{\"@type\":\"ImageObject\",\"inLanguage\":\"ca\",\"@id\":\"https:\\\/\\\/bcntradis.net\\\/#\\\/schema\\\/logo\\\/image\\\/\",\"url\":\"https:\\\/\\\/bcntradis.net\\\/wp-content\\\/uploads\\\/2023\\\/05\\\/bcn-tradis-logo-removebg-preview-e1685518011160.png\",\"contentUrl\":\"https:\\\/\\\/bcntradis.net\\\/wp-content\\\/uploads\\\/2023\\\/05\\\/bcn-tradis-logo-removebg-preview-e1685518011160.png\",\"width\":372,\"height\":106,\"caption\":\"BCN Tradis\"},\"image\":{\"@id\":\"https:\\\/\\\/bcntradis.net\\\/#\\\/schema\\\/logo\\\/image\\\/\"}}]}<\/script>\n<!-- \/ Yoast SEO plugin. -->","yoast_head_json":{"title":"Gestions per a l'ocupaci\u00f3 - BCN Tradis","robots":{"index":"index","follow":"follow","max-snippet":"max-snippet:-1","max-image-preview":"max-image-preview:large","max-video-preview":"max-video-preview:-1"},"canonical":"https:\/\/bcntradis.net\/ca\/els-nostres-serveis\/gestions-per-a-locupacio\/","og_locale":"ca_ES","og_type":"article","og_title":"Gestions per a l'ocupaci\u00f3 - BCN Tradis","og_description":"Gestions per a l&#8217;ocupaci\u00f3 Els nostres serveis Facilitem l&#8217;ocupaci\u00f3 sense complicacions: gestionem tots els tr\u00e0mits per a tu C\u00e8dules d&#8217;habitabilitat i Butlletins i contractaci\u00f3 de subministraments de serveis Confecci\u00f3 de plans, Llic\u00e8ncies d&#8217;obertura Inspecci\u00f3 T\u00e8cnica d&#8217;Edificis i Certificats d&#8217;efici\u00e8ncia Energ\u00e8tica","og_url":"https:\/\/bcntradis.net\/ca\/els-nostres-serveis\/gestions-per-a-locupacio\/","og_site_name":"BCN Tradis","article_modified_time":"2023-06-15T09:43:21+00:00","twitter_card":"summary_large_image","schema":{"@context":"https:\/\/schema.org","@graph":[{"@type":"WebPage","@id":"https:\/\/bcntradis.net\/ca\/els-nostres-serveis\/gestions-per-a-locupacio\/","url":"https:\/\/bcntradis.net\/ca\/els-nostres-serveis\/gestions-per-a-locupacio\/","name":"Gestions per a l'ocupaci\u00f3 - BCN Tradis","isPartOf":{"@id":"https:\/\/bcntradis.net\/#website"},"datePublished":"2023-06-12T11:10:09+00:00","dateModified":"2023-06-15T09:43:21+00:00","breadcrumb":{"@id":"https:\/\/bcntradis.net\/ca\/els-nostres-serveis\/gestions-per-a-locupacio\/#breadcrumb"},"inLanguage":"ca","potentialAction":[{"@type":"ReadAction","target":["https:\/\/bcntradis.net\/ca\/els-nostres-serveis\/gestions-per-a-locupacio\/"]}]},{"@type":"BreadcrumbList","@id":"https:\/\/bcntradis.net\/ca\/els-nostres-serveis\/gestions-per-a-locupacio\/#breadcrumb","itemListElement":[{"@type":"ListItem","position":1,"name":"Portada","item":"https:\/\/bcntradis.net\/ca\/"},{"@type":"ListItem","position":2,"name":"Els nostres serveis","item":"https:\/\/bcntradis.net\/ca\/els-nostres-serveis\/"},{"@type":"ListItem","position":3,"name":"Gestions per a l&#8217;ocupaci\u00f3"}]},{"@type":"WebSite","@id":"https:\/\/bcntradis.net\/#website","url":"https:\/\/bcntradis.net\/","name":"BCN Tradis","description":"","publisher":{"@id":"https:\/\/bcntradis.net\/#organization"},"potentialAction":[{"@type":"SearchAction","target":{"@type":"EntryPoint","urlTemplate":"https:\/\/bcntradis.net\/?s={search_term_string}"},"query-input":{"@type":"PropertyValueSpecification","valueRequired":true,"valueName":"search_term_string"}}],"inLanguage":"ca"},{"@type":"Organization","@id":"https:\/\/bcntradis.net\/#organization","name":"BCN Tradis","url":"https:\/\/bcntradis.net\/","logo":{"@type":"ImageObject","inLanguage":"ca","@id":"https:\/\/bcntradis.net\/#\/schema\/logo\/image\/","url":"https:\/\/bcntradis.net\/wp-content\/uploads\/2023\/05\/bcn-tradis-logo-removebg-preview-e1685518011160.png","contentUrl":"https:\/\/bcntradis.net\/wp-content\/uploads\/2023\/05\/bcn-tradis-logo-removebg-preview-e1685518011160.png","width":372,"height":106,"caption":"BCN Tradis"},"image":{"@id":"https:\/\/bcntradis.net\/#\/schema\/logo\/image\/"}}]}},"_links":{"self":[{"href":"https:\/\/bcntradis.net\/ca\/wp-json\/wp\/v2\/pages\/18035","targetHints":{"allow":["GET"]}}],"collection":[{"href":"https:\/\/bcntradis.net\/ca\/wp-json\/wp\/v2\/pages"}],"about":[{"href":"https:\/\/bcntradis.net\/ca\/wp-json\/wp\/v2\/types\/page"}],"author":[{"embeddable":true,"href":"https:\/\/bcntradis.net\/ca\/wp-json\/wp\/v2\/users\/1"}],"replies":[{"embeddable":true,"href":"https:\/\/bcntradis.net\/ca\/wp-json\/wp\/v2\/comments?post=18035"}],"version-history":[{"count":3,"href":"https:\/\/bcntradis.net\/ca\/wp-json\/wp\/v2\/pages\/18035\/revisions"}],"predecessor-version":[{"id":18054,"href":"https:\/\/bcntradis.net\/ca\/wp-json\/wp\/v2\/pages\/18035\/revisions\/18054"}],"up":[{"embeddable":true,"href":"https:\/\/bcntradis.net\/ca\/wp-json\/wp\/v2\/pages\/18025"}],"wp:attachment":[{"href":"https:\/\/bcntradis.net\/ca\/wp-json\/wp\/v2\/media?parent=18035"}],"curies":[{"name":"wp","href":"https:\/\/api.w.org\/{rel}","templated":true}]}}